{"id":1895,"date":"2025-12-11T14:03:58","date_gmt":"2025-12-11T13:03:58","guid":{"rendered":"https:\/\/aldocars.online\/?post_type=product&#038;p=1895"},"modified":"2026-03-10T10:55:48","modified_gmt":"2026-03-10T10:55:48","slug":"surfboard-roof-racks","status":"publish","type":"product","link":"https:\/\/aldocars.online\/fr\/produit\/surfboard-roof-racks\/","title":{"rendered":"Porte-planches de surf (toit)"},"content":{"rendered":"<p>Keep your surfboards safe and secure while driving with our Surfboard Roof Racks. Add a surfboard roof rack to your rental car and enjoy easy trips between all the best surf spots.<\/p>","protected":false},"excerpt":{"rendered":"<p>Gardez vos planches de surf en s\u00e9curit\u00e9 pendant vos trajets. Ajoutez un porte-planches de surf sur le toit de votre voiture de location et profitez de d\u00e9placements faciles entre les meilleurs spots de surf.<\/p>","protected":false},"featured_media":1896,"comment_status":"open","ping_status":"closed","template":"","meta":[],"product_brand":[],"product_cat":[15],"product_tag":[],"class_list":{"0":"post-1895","1":"product","2":"type-product","3":"status-publish","4":"has-post-thumbnail","6":"product_cat-uncategorized","8":"first","9":"instock","10":"shipping-taxable","11":"purchasable","12":"product-type-car_option"},"_links":{"self":[{"href":"https:\/\/aldocars.online\/fr\/wp-json\/wp\/v2\/product\/1895","targetHints":{"allow":["GET"]}}],"collection":[{"href":"https:\/\/aldocars.online\/fr\/wp-json\/wp\/v2\/product"}],"about":[{"href":"https:\/\/aldocars.online\/fr\/wp-json\/wp\/v2\/types\/product"}],"replies":[{"embeddable":true,"href":"https:\/\/aldocars.online\/fr\/wp-json\/wp\/v2\/comments?post=1895"}],"version-history":[{"count":3,"href":"https:\/\/aldocars.online\/fr\/wp-json\/wp\/v2\/product\/1895\/revisions"}],"predecessor-version":[{"id":2153,"href":"https:\/\/aldocars.online\/fr\/wp-json\/wp\/v2\/product\/1895\/revisions\/2153"}],"wp:featuredmedia":[{"embeddable":true,"href":"https:\/\/aldocars.online\/fr\/wp-json\/wp\/v2\/media\/1896"}],"wp:attachment":[{"href":"https:\/\/aldocars.online\/fr\/wp-json\/wp\/v2\/media?parent=1895"}],"wp:term":[{"taxonomy":"product_brand","embeddable":true,"href":"https:\/\/aldocars.online\/fr\/wp-json\/wp\/v2\/product_brand?post=1895"},{"taxonomy":"product_cat","embeddable":true,"href":"https:\/\/aldocars.online\/fr\/wp-json\/wp\/v2\/product_cat?post=1895"},{"taxonomy":"product_tag","embeddable":true,"href":"https:\/\/aldocars.online\/fr\/wp-json\/wp\/v2\/product_tag?post=1895"}],"curies":[{"name":"wp","href":"https:\/\/api.w.org\/{rel}","templated":true}]}}