{"id":405,"date":"2017-01-26T10:40:04","date_gmt":"2017-01-26T10:40:04","guid":{"rendered":"https:\/\/motors.stylemixthemes.com\/?page_id=405"},"modified":"2026-03-17T00:37:53","modified_gmt":"2026-03-17T00:37:53","slug":"about-us","status":"publish","type":"page","link":"https:\/\/aldocars.online\/fr\/about-us\/","title":{"rendered":"A Propos"},"content":{"rendered":"<div data-elementor-type=\"wp-page\" data-elementor-id=\"405\" class=\"elementor elementor-405\" data-elementor-post-type=\"page\">\n\t\t\t\t\t\t<section class=\"elementor-section elementor-top-section elementor-element elementor-element-f596a7f elementor-section-boxed elementor-section-height-default elementor-section-height-default\" data-id=\"f596a7f\" data-element_type=\"section\" data-e-type=\"section\">\n\t\t\t\t\t\t<div class=\"elementor-container elementor-column-gap-default\">\n\t\t\t\t\t<div class=\"elementor-column elementor-col-50 elementor-top-column elementor-element elementor-element-1a6291b\" data-id=\"1a6291b\" data-element_type=\"column\" data-e-type=\"column\">\n\t\t\t<div class=\"elementor-widget-wrap elementor-element-populated\">\n\t\t\t\t\t\t<div class=\"elementor-element elementor-element-a415ae9 elementor-widget elementor-widget-image\" data-id=\"a415ae9\" data-element_type=\"widget\" data-e-type=\"widget\" data-widget_type=\"image.default\">\n\t\t\t\t<div class=\"elementor-widget-container\">\n\t\t\t\t\t\t\t\t\t\t\t\t\t\t\t<img fetchpriority=\"high\" decoding=\"async\" width=\"1920\" height=\"1080\" src=\"https:\/\/aldocars.online\/wp-content\/uploads\/2024\/12\/Black-and-White-Modern-Car-Dealer-Presentation-2.jpg\" class=\"attachment-full size-full wp-image-1018\" alt=\"\" srcset=\"https:\/\/aldocars.online\/wp-content\/uploads\/2024\/12\/Black-and-White-Modern-Car-Dealer-Presentation-2.jpg 1920w, https:\/\/aldocars.online\/wp-content\/uploads\/2024\/12\/Black-and-White-Modern-Car-Dealer-Presentation-2-600x338.jpg 600w, https:\/\/aldocars.online\/wp-content\/uploads\/2024\/12\/Black-and-White-Modern-Car-Dealer-Presentation-2-300x169.jpg 300w, https:\/\/aldocars.online\/wp-content\/uploads\/2024\/12\/Black-and-White-Modern-Car-Dealer-Presentation-2-1024x576.jpg 1024w, https:\/\/aldocars.online\/wp-content\/uploads\/2024\/12\/Black-and-White-Modern-Car-Dealer-Presentation-2-255x143.jpg 255w, https:\/\/aldocars.online\/wp-content\/uploads\/2024\/12\/Black-and-White-Modern-Car-Dealer-Presentation-2-510x287.jpg 510w, https:\/\/aldocars.online\/wp-content\/uploads\/2024\/12\/Black-and-White-Modern-Car-Dealer-Presentation-2-280x158.jpg 280w, https:\/\/aldocars.online\/wp-content\/uploads\/2024\/12\/Black-and-White-Modern-Car-Dealer-Presentation-2-560x315.jpg 560w, https:\/\/aldocars.online\/wp-content\/uploads\/2024\/12\/Black-and-White-Modern-Car-Dealer-Presentation-2-350x197.jpg 350w, https:\/\/aldocars.online\/wp-content\/uploads\/2024\/12\/Black-and-White-Modern-Car-Dealer-Presentation-2-700x394.jpg 700w, https:\/\/aldocars.online\/wp-content\/uploads\/2024\/12\/Black-and-White-Modern-Car-Dealer-Presentation-2-398x224.jpg 398w, https:\/\/aldocars.online\/wp-content\/uploads\/2024\/12\/Black-and-White-Modern-Car-Dealer-Presentation-2-796x448.jpg 796w\" sizes=\"(max-width: 1920px) 100vw, 1920px\" title=\"\">\t\t\t\t\t\t\t\t\t\t\t\t\t\t\t<\/div>\n\t\t\t\t<\/div>\n\t\t\t\t\t<\/div>\n\t\t<\/div>\n\t\t\t\t<div class=\"elementor-column elementor-col-50 elementor-top-column elementor-element elementor-element-d22714d\" data-id=\"d22714d\" data-element_type=\"column\" data-e-type=\"column\">\n\t\t\t<div class=\"elementor-widget-wrap elementor-element-populated\">\n\t\t\t\t\t\t<div class=\"elementor-element elementor-element-179977d elementor-widget elementor-widget-heading\" data-id=\"179977d\" data-element_type=\"widget\" data-e-type=\"widget\" data-widget_type=\"heading.default\">\n\t\t\t\t<div class=\"elementor-widget-container\">\n\t\t\t\t\t<h1 class=\"elementor-heading-title elementor-size-default\">Location de voitures Agadir A\u00e9roport<\/h1>\t\t\t\t<\/div>\n\t\t\t\t<\/div>\n\t\t\t\t<div class=\"elementor-element elementor-element-3f17609 elementor-widget elementor-widget-text-editor\" data-id=\"3f17609\" data-element_type=\"widget\" data-e-type=\"widget\" data-widget_type=\"text-editor.default\">\n\t\t\t\t<div class=\"elementor-widget-container\">\n\t\t\t\t\t\t\t\t\t<h3 class=\"translation-block\"><span style=\"color: #ffcc00\">Aldocars<\/span> : Votre agence de location de voitures de confiance \u00e0 Agadir<\/h3><p data-start=\"142\" data-end=\"597\" class=\"translation-block\">Bienvenue chez <strong data-start=\"153\" data-end=\"166\">Aldo Cars<\/strong>, votre partenaire de confiance pour la <strong data-start=\"193\" data-end=\"222\">location de voiture \u00e0 l\u2019a\u00e9roport d\u2019Agadir<\/strong> et dans toute la r\u00e9gion d\u2019Agadir. Nous sommes une agence locale de location de voitures d\u00e9di\u00e9e \u00e0 offrir aux voyageurs une exp\u00e9rience simple, fiable et sans stress d\u00e8s leur arriv\u00e9e au Maroc. Que vous veniez pour les vacances, les affaires, le surf ou un road trip, notre objectif est de faciliter votre s\u00e9jour gr\u00e2ce \u00e0 des v\u00e9hicules propres, un service transparent et des options de r\u00e9servation flexibles.<\/p>\t\t\t\t\t\t\t\t<\/div>\n\t\t\t\t<\/div>\n\t\t\t\t\t<\/div>\n\t\t<\/div>\n\t\t\t\t\t<\/div>\n\t\t<\/section>\n\t\t\t\t<section class=\"elementor-section elementor-top-section elementor-element elementor-element-494ceba elementor-reverse-tablet elementor-reverse-mobile elementor-section-boxed elementor-section-height-default elementor-section-height-default\" data-id=\"494ceba\" data-element_type=\"section\" data-e-type=\"section\">\n\t\t\t\t\t\t<div class=\"elementor-container elementor-column-gap-default\">\n\t\t\t\t\t<div class=\"elementor-column elementor-col-100 elementor-top-column elementor-element elementor-element-b7535cb\" data-id=\"b7535cb\" data-element_type=\"column\" data-e-type=\"column\">\n\t\t\t<div class=\"elementor-widget-wrap elementor-element-populated\">\n\t\t\t\t\t\t<div class=\"elementor-element elementor-element-c48b924 elementor-widget elementor-widget-heading\" data-id=\"c48b924\" data-element_type=\"widget\" data-e-type=\"widget\" data-widget_type=\"heading.default\">\n\t\t\t\t<div class=\"elementor-widget-container\">\n\t\t\t\t\t<h2 class=\"elementor-heading-title elementor-size-default\">Agadir Al Massira Airport A\u00e9roport<\/h2>\t\t\t\t<\/div>\n\t\t\t\t<\/div>\n\t\t\t\t<div class=\"elementor-element elementor-element-e0c2283 elementor-widget elementor-widget-text-editor\" data-id=\"e0c2283\" data-element_type=\"widget\" data-e-type=\"widget\" data-widget_type=\"text-editor.default\">\n\t\t\t\t<div class=\"elementor-widget-container\">\n\t\t\t\t\t\t\t\t\t<p data-start=\"599\" data-end=\"1074\" class=\"translation-block\">Chez <strong data-start=\"602\" data-end=\"615\">Aldo Cars<\/strong>, nous savons qu\u2019il est essentiel de choisir une agence de <strong data-start=\"655\" data-end=\"676\">location de voiture \u00e0 Agadir<\/strong> de confiance. C\u2019est pourquoi nous mettons l\u2019accent sur la satisfaction client, la rapidit\u00e9 de communication et des solutions de livraison pratiques. Notre \u00e9quipe s\u2019engage \u00e0 proposer des v\u00e9hicules bien entretenus \u00e0 des prix comp\u00e9titifs, avec une attention particuli\u00e8re port\u00e9e au confort, \u00e0 la s\u00e9curit\u00e9 et \u00e0 la qualit\u00e9 du service. Si vous recherchez une <strong data-start=\"967\" data-end=\"996\">location de voiture \u00e0 l\u2019a\u00e9roport d\u2019Agadir<\/strong>, nous facilitons la prise en charge et la livraison afin que vous puissiez commencer votre s\u00e9jour sans d\u00e9lai.<\/p><p data-start=\"1076\" data-end=\"1457\" class=\"translation-block\">Au fil du temps, <strong data-start=\"1087\" data-end=\"1100\">Aldo Cars<\/strong> s\u2019est forg\u00e9 une solide r\u00e9putation gr\u00e2ce \u00e0 son professionnalisme et \u00e0 la qualit\u00e9 de son accueil. Nous accompagnons les voyageurs arrivant \u00e0 <strong data-start=\"1204\" data-end=\"1233\">l\u2019a\u00e9roport d\u2019Agadir Al Massira<\/strong>, ainsi que les clients s\u00e9journant \u00e0 Agadir, Taghazout, Tamraght, Aourir et dans les environs. Notre mission est d\u2019offrir un service fiable de <strong data-start=\"1359\" data-end=\"1380\">location de voiture \u00e0 Agadir<\/strong>, alliant connaissance locale, tarifs justes et v\u00e9ritable attention port\u00e9e \u00e0 chaque client.<\/p><p data-start=\"1459\" data-end=\"1724\" class=\"translation-block\">Nous pensons que la location de voiture doit \u00eatre simple, claire et adapt\u00e9e \u00e0 vos besoins de voyage. C\u2019est pourquoi <strong data-start=\"1558\" data-end=\"1571\">Aldo Cars<\/strong> continue de se d\u00e9velopper comme une r\u00e9f\u00e9rence de confiance en <strong data-start=\"1612\" data-end=\"1641\">location de voiture \u00e0 l\u2019a\u00e9roport d\u2019Agadir<\/strong>, en aidant les visiteurs \u00e0 d\u00e9couvrir Agadir et le sud du Maroc avec libert\u00e9 et s\u00e9r\u00e9nit\u00e9.<\/p><h2 data-section-id=\"1grgnsd\" data-start=\"1726\" data-end=\"1742\">\u00a0<\/h2>\t\t\t\t\t\t\t\t<\/div>\n\t\t\t\t<\/div>\n\t\t\t\t\t<\/div>\n\t\t<\/div>\n\t\t\t\t\t<\/div>\n\t\t<\/section>\n\t\t\t\t<section class=\"elementor-section elementor-top-section elementor-element elementor-element-80c96a6 elementor-section-full_width elementor-section-stretched elementor-section-height-default elementor-section-height-default\" data-id=\"80c96a6\" data-element_type=\"section\" data-e-type=\"section\" data-settings=\"{&quot;stretch_section&quot;:&quot;section-stretched&quot;,&quot;background_background&quot;:&quot;classic&quot;}\">\n\t\t\t\t\t\t<div class=\"elementor-container elementor-column-gap-default\">\n\t\t\t\t\t<div class=\"elementor-column elementor-col-100 elementor-top-column elementor-element elementor-element-bc80d08\" data-id=\"bc80d08\" data-element_type=\"column\" data-e-type=\"column\">\n\t\t\t<div class=\"elementor-widget-wrap elementor-element-populated\">\n\t\t\t\t\t\t<section class=\"elementor-section elementor-inner-section elementor-element elementor-element-8cc6936 elementor-section-boxed elementor-section-height-default elementor-section-height-default\" data-id=\"8cc6936\" data-element_type=\"section\" data-e-type=\"section\">\n\t\t\t\t\t\t<div class=\"elementor-container elementor-column-gap-default\">\n\t\t\t\t\t<div class=\"elementor-column elementor-col-100 elementor-inner-column elementor-element elementor-element-375ff40\" data-id=\"375ff40\" data-element_type=\"column\" data-e-type=\"column\">\n\t\t\t<div class=\"elementor-widget-wrap elementor-element-populated\">\n\t\t\t\t\t\t<div class=\"elementor-element elementor-element-548ab7d elementor-widget elementor-widget-heading\" data-id=\"548ab7d\" data-element_type=\"widget\" data-e-type=\"widget\" data-widget_type=\"heading.default\">\n\t\t\t\t<div class=\"elementor-widget-container\">\n\t\t\t\t\t<h2 class=\"elementor-heading-title elementor-size-default\">MEDIA GALLERY<\/h2>\t\t\t\t<\/div>\n\t\t\t\t<\/div>\n\t\t\t\t<div class=\"elementor-element elementor-element-b2670da elementor-widget elementor-widget-stm-colored-separator\" data-id=\"b2670da\" data-element_type=\"widget\" data-e-type=\"widget\" data-widget_type=\"stm-colored-separator.default\">\n\t\t\t\t<div class=\"elementor-widget-container\">\n\t\t\t\t\t<div class=\"colored-separator\" style=\"text-align: center;\">\n\t\t\t<div class=\"first-long stm-base-background-color\"><\/div>\n\t\t<div class=\"last-short stm-base-background-color\"><\/div>\n\t<\/div>\n\t\t\t\t<\/div>\n\t\t\t\t<\/div>\n\t\t\t\t<div class=\"elementor-element elementor-element-36c793a elementor-widget elementor-widget-motors-image-carousel\" data-id=\"36c793a\" data-element_type=\"widget\" data-e-type=\"widget\" data-widget_type=\"motors-image-carousel.default\">\n\t\t\t\t<div class=\"elementor-widget-container\">\n\t\t\t\t\t\t<div class=\"motors-elementor-widget stm_image_carousel swiper-container\" id=\"stm_image_carousel-48456\">\n\t\t<div class=\"swiper-wrapper\">\n\t\t\t\t\t\t\t\t<div class=\"swiper-slide\">\n\t\t\t\t\t\t\t\t\t\t\t\t\t<img decoding=\"async\" src=\"https:\/\/aldocars.online\/wp-content\/uploads\/2023\/10\/slide-2-270x180.jpg\" alt=\"Gallery image\" title=\"\">\n\t\t\t\t\t\t\t\t\t\t\t<\/div>\n\t\t\t\t\t\t\t\t\t\t<div class=\"swiper-slide\">\n\t\t\t\t\t\t\t\t\t\t\t\t\t<img decoding=\"async\" src=\"https:\/\/aldocars.online\/wp-content\/uploads\/2023\/10\/parallax-block-270x180.jpg\" alt=\"Gallery image\" title=\"\">\n\t\t\t\t\t\t\t\t\t\t\t<\/div>\n\t\t\t\t\t\t\t\t\t\t<div class=\"swiper-slide\">\n\t\t\t\t\t\t\t\t\t\t\t\t\t<img decoding=\"async\" src=\"https:\/\/aldocars.online\/wp-content\/uploads\/2023\/10\/parallax-block-2-270x180.jpg\" alt=\"Gallery image\" title=\"\">\n\t\t\t\t\t\t\t\t\t\t\t<\/div>\n\t\t\t\t\t\t\t\t\t\t<div class=\"swiper-slide\">\n\t\t\t\t\t\t\t\t\t\t\t\t\t<img decoding=\"async\" src=\"https:\/\/aldocars.online\/wp-content\/uploads\/2023\/10\/Fotolia_90052796_Subscription_Monthly_M-270x180.jpg\" alt=\"Gallery image\" title=\"\">\n\t\t\t\t\t\t\t\t\t\t\t<\/div>\n\t\t\t\t\t\t\t\t\t\t<div class=\"swiper-slide\">\n\t\t\t\t\t\t\t\t\t\t\t\t\t<img decoding=\"async\" src=\"https:\/\/aldocars.online\/wp-content\/uploads\/2023\/10\/Fotolia_53618826_Subscription_Monthly_M-1024x682-1-270x180.jpg\" alt=\"Gallery image\" title=\"\">\n\t\t\t\t\t\t\t\t\t\t\t<\/div>\n\t\t\t\t\t\t\t\t\t\t<div class=\"swiper-slide\">\n\t\t\t\t\t\t\t\t\t\t\t\t\t<img decoding=\"async\" src=\"https:\/\/aldocars.online\/wp-content\/uploads\/2023\/10\/image-2-924x449-1-270x180.jpg\" alt=\"Gallery image\" title=\"\">\n\t\t\t\t\t\t\t\t\t\t\t<\/div>\n\t\t\t\t\t\t\t<\/div>\n\n\t\t\t\t\t<div class=\"stm-swiper-controls\">\n\t\t\t\t\t\t\t\t\t<div class=\"stm-swiper-prev\"><i class=\"fas fa-angle-left\"><\/i><\/div>\n\t\t\t\t\t\t\t\t\t\t\t\t\t<div class=\"swiper-pagination\"><\/div>\n\t\t\t\t\t\t\t\t\t\t\t\t\t<div class=\"stm-swiper-next\"><i class=\"fas fa-angle-right\"><\/i><\/div>\n\t\t\t\t\t\t\t<\/div>\n\t\t\t<\/div>\n\t<script>\n\t( function( $ ) {\n\t\t\"use strict\";\n\t\t\t\t$(window).on('elementor\/frontend\/init', function() {\n\t\t\t\t\tlet swiper = new Swiper('#stm_image_carousel-48456', {\n\t\t\t\t\t\t\t\tloop: true,\n\t\t\t\t\n\t\t\t\t\t\t\t\t\tsimulateTouch: false,\n\t\t\t\t\n\t\t\t\t\n\t\t\t\t\n\t\t\t\t\t\t\t\t\tslidesPerGroup: 1,\n\t\t\t\t\n\t\t\t\tslidesPerView: 1,\n\n\t\t\t\tspaceBetween: 12,\n\n\t\t\t\tcenterInsufficientSlides: true,\n\n\t\t\t\tbreakpoints: {\n\t\t\t\t\t640: {\n\t\t\t\t\t\tslidesPerView: 3,\n\t\t\t\t\t},\n\t\t\t\t\t992: {\n\t\t\t\t\t\tslidesPerView: 4,\n\t\t\t\t\t}\n\t\t\t\t},\n\t\t\t\t\t\t\t\t\tnavigation: {\n\t\t\t\t\t\tnextEl: '.stm-swiper-next',\n\t\t\t\t\t\tprevEl: '.stm-swiper-prev',\n\t\t\t\t\t},\n\t\t\t\t\n\t\t\t\t\t\t\t\t\tpagination: {\n\t\t\t\t\t\tel: '.swiper-pagination',\n\t\t\t\t\t\tclickable: true,\n\t\t\t\t\t},\n\t\t\t\t\t\t\t});\n\n\t\t\t\t\t});\n\t\t\t} ( jQuery ) );\n\t<\/script>\n\t\t\t\t\t<\/div>\n\t\t\t\t<\/div>\n\t\t\t\t\t<\/div>\n\t\t<\/div>\n\t\t\t\t\t<\/div>\n\t\t<\/section>\n\t\t\t\t\t<\/div>\n\t\t<\/div>\n\t\t\t\t\t<\/div>\n\t\t<\/section>\n\t\t\t\t<\/div>","protected":false},"excerpt":{"rendered":"<p>car rental Agadir airport Aldocars: Your Trusted Car Rental Agency in Agadir Welcome to Aldo Cars, your trusted partner for car rental Agadir airport and across the Agadir region. We are a local car rental company dedicated to providing travelers with a simple, reliable, and stress-free experience from the moment they arrive in Morocco. Whether&#8230;<\/p>","protected":false},"author":1,"featured_media":0,"parent":0,"menu_order":0,"comment_status":"closed","ping_status":"closed","template":"","meta":{"footnotes":""},"class_list":["post-405","page","type-page","status-publish","hentry"],"_links":{"self":[{"href":"https:\/\/aldocars.online\/fr\/wp-json\/wp\/v2\/pages\/405","targetHints":{"allow":["GET"]}}],"collection":[{"href":"https:\/\/aldocars.online\/fr\/wp-json\/wp\/v2\/pages"}],"about":[{"href":"https:\/\/aldocars.online\/fr\/wp-json\/wp\/v2\/types\/page"}],"author":[{"embeddable":true,"href":"https:\/\/aldocars.online\/fr\/wp-json\/wp\/v2\/users\/1"}],"replies":[{"embeddable":true,"href":"https:\/\/aldocars.online\/fr\/wp-json\/wp\/v2\/comments?post=405"}],"version-history":[{"count":3,"href":"https:\/\/aldocars.online\/fr\/wp-json\/wp\/v2\/pages\/405\/revisions"}],"predecessor-version":[{"id":2178,"href":"https:\/\/aldocars.online\/fr\/wp-json\/wp\/v2\/pages\/405\/revisions\/2178"}],"wp:attachment":[{"href":"https:\/\/aldocars.online\/fr\/wp-json\/wp\/v2\/media?parent=405"}],"curies":[{"name":"wp","href":"https:\/\/api.w.org\/{rel}","templated":true}]}}