{"id":359,"date":"2017-01-25T05:51:36","date_gmt":"2017-01-25T05:51:36","guid":{"rendered":"https:\/\/motors.stylemixthemes.com\/?page_id=359"},"modified":"2025-03-12T01:24:33","modified_gmt":"2025-03-12T01:24:33","slug":"terms","status":"publish","type":"page","link":"https:\/\/aldocars.online\/fr\/terms\/","title":{"rendered":"Conditions"},"content":{"rendered":"<div data-elementor-type=\"wp-page\" data-elementor-id=\"359\" class=\"elementor elementor-359\" data-elementor-post-type=\"page\">\n\t\t\t\t\t\t<section class=\"elementor-section elementor-top-section elementor-element elementor-element-0e553ed elementor-section-boxed elementor-section-height-default elementor-section-height-default\" data-id=\"0e553ed\" data-element_type=\"section\" data-e-type=\"section\">\n\t\t\t\t\t\t<div class=\"elementor-container elementor-column-gap-default\">\n\t\t\t\t\t<div class=\"elementor-column elementor-col-100 elementor-top-column elementor-element elementor-element-3116539\" data-id=\"3116539\" data-element_type=\"column\" data-e-type=\"column\">\n\t\t\t<div class=\"elementor-widget-wrap elementor-element-populated\">\n\t\t\t\t\t\t<div class=\"elementor-element elementor-element-65261e1 elementor-widget elementor-widget-spacer\" data-id=\"65261e1\" data-element_type=\"widget\" data-e-type=\"widget\" data-widget_type=\"spacer.default\">\n\t\t\t\t<div class=\"elementor-widget-container\">\n\t\t\t\t\t\t\t<div class=\"elementor-spacer\">\n\t\t\t<div class=\"elementor-spacer-inner\"><\/div>\n\t\t<\/div>\n\t\t\t\t\t\t<\/div>\n\t\t\t\t<\/div>\n\t\t\t\t<div class=\"elementor-element elementor-element-744ad31 elementor-widget elementor-widget-text-editor\" data-id=\"744ad31\" data-element_type=\"widget\" data-e-type=\"widget\" data-widget_type=\"text-editor.default\">\n\t\t\t\t<div class=\"elementor-widget-container\">\n\t\t\t\t\t\t\t\t\t<h2 class=\"vc_custom_heading\">TERMS AND CONDITIONS<\/h2><div class=\"wpb_text_column wpb_content_element\"><div class=\"wpb_wrapper\"><p>La soci\u00e9t\u00e9 Aldocars reconna\u00eet et appr\u00e9cie l\u2019importance d\u2019une utilisation responsable des donn\u00e9es personnelles collect\u00e9es sur ce site. Par cons\u00e9quent, Aldocars veille \u00e0 la protection des informations personnelles, en prenant des mesures pour les s\u00e9curiser et s\u2019assurer qu\u2019elles ne sont utilis\u00e9es que dans le cadre de nos activit\u00e9s l\u00e9gitimes.<\/p><p>Apr\u00e8s qu\u2019une r\u00e9servation ait \u00e9t\u00e9 effectu\u00e9e via ce moteur de r\u00e9servation, une fois votre r\u00e9servation confirm\u00e9e, Aldocars vous enverra un e-mail contenant le voucher (R\u00c9SERVATION CONFIRM\u00c9E) sous 24 heures, afin que vous disposiez de toutes les informations n\u00e9cessaires avant votre arriv\u00e9e. Aldocars utilise uniquement votre adresse e-mail pour vous envoyer le voucher. Nous n\u2019utilisons votre num\u00e9ro de t\u00e9l\u00e9phone que pour vous contacter en cas de questions concernant votre r\u00e9servation.\n\nSi vous devez apporter des modifications \u00e0 votre r\u00e9servation, vous devez contacter Aldocars par e-mail en pr\u00e9cisant clairement les d\u00e9tails exacts de ces modifications. Aldocars ne garantit pas que les modifications demand\u00e9es pourront \u00eatre effectu\u00e9es.\n\nEn utilisant ce syst\u00e8me de r\u00e9servation, vous vous engagez aupr\u00e8s d\u2019Aldocars \u00e0 ne pas l\u2019utiliser \u00e0 des fins ill\u00e9gales ou interdites par les pr\u00e9sentes Conditions. En particulier, en acc\u00e9dant \u00e0 ce syst\u00e8me de r\u00e9servation, vous acceptez :<\/p><ul><li><p>De ne pas utiliser le syst\u00e8me de r\u00e9servation pour effectuer des r\u00e9servations sp\u00e9culatives ou fausses ;<\/p><\/li><li><p>Not to use the booking system to research rental vehicle provider or our pricing;<\/p><\/li><li><p>Not to use the name Aldocars for commercial purposes without obtaining prior written permission from Aldocars.<\/p><\/li><\/ul><p>Booking cancellation Every reservation must be canceled 48 hours prior to the arrival time. If a reservation is created less than 48 hours before the pickup date, the potential prepayment sum is not refunded in case of cancellation.<\/p><p>Requirements for Customer Customer shall be aware that all children (regardless of their age) are counted as passengers and must have an individual seat. The number of passengers cannot go beyond the seating capacity of the vehicle. Transportation of extra passengers is not allowed. In this case, the driver has the right to refuse service. Customer must be responsible for entering a correct mobile phone number and must be in touch at the time of arrival. Smoking and drinking are prohibited in the vehicle. In case of violation, the driver has the right to stop the car and ask Customer to leave.<\/p><p>Pick up and drop off Flight Information \u2013 for airport pick-up, it is essential that Aldocars receives the correct flight number and arrival time. You can do this either online or by phone. If this information is not available at the time of reservation, please ensure that you inform us at least 2 days prior to your departure, via email or phone. The driver waits for the Customer in the pick-up location holding a sign with the Customer\u2019s last name on it.<\/p><p>Privacy statement We are committed to provide service of protection of our customer\u2019s personal data in a way that we collect only essential basic information about our buyers that are necessary for fulfilling our obligations. We also inform our customers about the way we collect information and regularly give customers an option about how their information will be used, including the possibility to decide whether their name should be included or omitted from the lists used for marketing campaigns. All user information is strictly guarded and are available only to the employees who need that information for completing the job. All our employees and business partners are responsible to follow the principles of confidentiality protection.<\/p><p>Complaints All complaints and or problems must be received in writing form within 7 days after drop-off date. Aldocars cannot process complaints made outside of this period.<\/p><p>Basics included in the price Customer support, additional driver, child seat.<\/p><p>Legal driving age Adult must be 21 years old in order to hire a car.<\/p><p>Required documents Driving licence, passport.<\/p><p>Procedures in case of accident, damage and theft of vehicles In case of damage and theft of the vehicle, the User is obliged to immediately inform the Lessor and the Police about the event and to act on their instructions. The user is obliged to remain at the scene of the traffic accident until the arrival of the police, provided that he can be temporarily removed solely for the purpose of providing assistance to third parties or if they personally need medical assistance.<\/p><p>Border crossing Travelling outside Morocco is not allowed.<\/p><p>Deposit No deposit.<\/p><p>Cleanliness policy Extremely dirty interior of the car will be charged when dropping off.<\/p><p>Parking and traffic fines are client\u2019s responsibility.<\/p><p>Loss of keys and vehicle\u2019s documentation is charged 500 EUR.<\/p><\/div><\/div>\t\t\t\t\t\t\t\t<\/div>\n\t\t\t\t<\/div>\n\t\t\t\t\t<\/div>\n\t\t<\/div>\n\t\t\t\t\t<\/div>\n\t\t<\/section>\n\t\t\t\t<\/div>","protected":false},"excerpt":{"rendered":"<p>TERMS AND CONDITIONS Company Aldocars recognizes and appreciates the importance of responsible use of personal data collected on this website. Therefore, Aldocars is careful with personal information, taking steps to keep it secure and ensure it is used only for our legitimate business purposes. Reservation After a reservation is made on this booking engine, when&#8230;<\/p>","protected":false},"author":1,"featured_media":0,"parent":0,"menu_order":0,"comment_status":"closed","ping_status":"closed","template":"","meta":{"footnotes":""},"class_list":["post-359","page","type-page","status-publish","hentry"],"_links":{"self":[{"href":"https:\/\/aldocars.online\/fr\/wp-json\/wp\/v2\/pages\/359","targetHints":{"allow":["GET"]}}],"collection":[{"href":"https:\/\/aldocars.online\/fr\/wp-json\/wp\/v2\/pages"}],"about":[{"href":"https:\/\/aldocars.online\/fr\/wp-json\/wp\/v2\/types\/page"}],"author":[{"embeddable":true,"href":"https:\/\/aldocars.online\/fr\/wp-json\/wp\/v2\/users\/1"}],"replies":[{"embeddable":true,"href":"https:\/\/aldocars.online\/fr\/wp-json\/wp\/v2\/comments?post=359"}],"version-history":[{"count":0,"href":"https:\/\/aldocars.online\/fr\/wp-json\/wp\/v2\/pages\/359\/revisions"}],"wp:attachment":[{"href":"https:\/\/aldocars.online\/fr\/wp-json\/wp\/v2\/media?parent=359"}],"curies":[{"name":"wp","href":"https:\/\/api.w.org\/{rel}","templated":true}]}}