{"id":287,"date":"2017-01-24T04:56:24","date_gmt":"2017-01-24T04:56:24","guid":{"rendered":"https:\/\/motors.stylemixthemes.com\/?page_id=287"},"modified":"2025-11-21T23:55:30","modified_gmt":"2025-11-21T22:55:30","slug":"policy","status":"publish","type":"page","link":"https:\/\/aldocars.online\/fr\/policy\/","title":{"rendered":"Policy"},"content":{"rendered":"<div data-elementor-type=\"wp-page\" data-elementor-id=\"287\" class=\"elementor elementor-287\" data-elementor-post-type=\"page\">\n\t\t\t\t\t\t<section class=\"elementor-section elementor-top-section elementor-element elementor-element-821fb29 elementor-section-boxed elementor-section-height-default elementor-section-height-default\" data-id=\"821fb29\" data-element_type=\"section\" data-e-type=\"section\">\n\t\t\t\t\t\t<div class=\"elementor-container elementor-column-gap-default\">\n\t\t\t\t\t<div class=\"elementor-column elementor-col-100 elementor-top-column elementor-element elementor-element-e1d35b8\" data-id=\"e1d35b8\" data-element_type=\"column\" data-e-type=\"column\">\n\t\t\t<div class=\"elementor-widget-wrap elementor-element-populated\">\n\t\t\t\t\t\t<div class=\"elementor-element elementor-element-ca8b2f4 elementor-widget elementor-widget-text-editor\" data-id=\"ca8b2f4\" data-element_type=\"widget\" data-e-type=\"widget\" data-widget_type=\"text-editor.default\">\n\t\t\t\t<div class=\"elementor-widget-container\">\n\t\t\t\t\t\t\t\t\t<p><strong>INFORMATIONS IMPORTANTES<\/strong><\/p><p><strong>Conditions de location :<\/strong><\/p><ul><li>Un permis de conduire valide (\u00e2ge minimum : 21 ans).<\/li><li>Un passeport ou une carte d\u2019identit\u00e9 nationale \u00e0 des fins d\u2019identification.<\/li><\/ul><p><strong>Prise en charge et restitution :<\/strong><\/p><ul><li>Service de prise en charge et de restitution gratuit dans les limites de la ville d\u2019Agadir.<\/li><li>Des frais suppl\u00e9mentaires peuvent s\u2019appliquer pour les services en dehors de cette zone.<\/li><\/ul><p><strong>Frais de retour tardif :<\/strong><\/p><ul><li>Des frais de retour tardif seront appliqu\u00e9s pour les v\u00e9hicules restitu\u00e9s apr\u00e8s l\u2019heure convenue.<\/li><\/ul><p><strong>Annulation et modifications de r\u00e9servation :<\/strong><\/p><ul><li><strong>Reservation Changes:<\/strong> Les modifications de r\u00e9servation sont autoris\u00e9es jusqu\u2019\u00e0 48 heures avant le d\u00e9but de la p\u00e9riode de location.<\/li><li class=\"translation-block\"><strong>Annulation de r\u00e9servation :<\/strong> Les annulations sont accept\u00e9es jusqu\u2019\u00e0 48 heures avant le d\u00e9but de la p\u00e9riode de location.<\/li><\/ul><p>For any changes or cancellations, please contact us:<\/p><ul><li>Email: <a href=\"mailto:Sales@aldocars.online\">Sales@aldocars.online<\/a><\/li><li>Phone: +212 688-409000<br \/><section class=\"elementor-section elementor-top-section elementor-element elementor-element-9d74d7d elementor-section-full_width elementor-section-stretched elementor-section-height-default elementor-section-height-default\" data-id=\"9d74d7d\" data-element_type=\"section\" data-settings=\"{&quot;stretch_section&quot;:&quot;section-stretched&quot;}\"><div class=\"elementor-container elementor-column-gap-default\"><div class=\"elementor-column elementor-col-100 elementor-top-column elementor-element elementor-element-2179509\" data-id=\"2179509\" data-element_type=\"column\">\u00a0<\/div><\/div><\/section><\/li><\/ul>\t\t\t\t\t\t\t\t<\/div>\n\t\t\t\t<\/div>\n\t\t\t\t\t<\/div>\n\t\t<\/div>\n\t\t\t\t\t<\/div>\n\t\t<\/section>\n\t\t\t\t<\/div>","protected":false},"excerpt":{"rendered":"<p>IMPORTANT INFORMATION Rental Requirements: A valid driver\u2019s license (minimum age: 21 years). A passport or national ID for identification purposes. Pick-Up &amp; Drop-Off: Complimentary pick-up and drop-off service within Agadir city limits. Additional fees may apply for services outside this area. Late Return Fees: A late return fee will be applied for vehicles returned after&#8230;<\/p>","protected":false},"author":1,"featured_media":0,"parent":0,"menu_order":0,"comment_status":"closed","ping_status":"closed","template":"","meta":{"footnotes":""},"class_list":["post-287","page","type-page","status-publish","hentry"],"_links":{"self":[{"href":"https:\/\/aldocars.online\/fr\/wp-json\/wp\/v2\/pages\/287","targetHints":{"allow":["GET"]}}],"collection":[{"href":"https:\/\/aldocars.online\/fr\/wp-json\/wp\/v2\/pages"}],"about":[{"href":"https:\/\/aldocars.online\/fr\/wp-json\/wp\/v2\/types\/page"}],"author":[{"embeddable":true,"href":"https:\/\/aldocars.online\/fr\/wp-json\/wp\/v2\/users\/1"}],"replies":[{"embeddable":true,"href":"https:\/\/aldocars.online\/fr\/wp-json\/wp\/v2\/comments?post=287"}],"version-history":[{"count":3,"href":"https:\/\/aldocars.online\/fr\/wp-json\/wp\/v2\/pages\/287\/revisions"}],"predecessor-version":[{"id":1717,"href":"https:\/\/aldocars.online\/fr\/wp-json\/wp\/v2\/pages\/287\/revisions\/1717"}],"wp:attachment":[{"href":"https:\/\/aldocars.online\/fr\/wp-json\/wp\/v2\/media?parent=287"}],"curies":[{"name":"wp","href":"https:\/\/api.w.org\/{rel}","templated":true}]}}